{"id":13991,"date":"2017-05-23T08:18:36","date_gmt":"2017-05-23T08:18:36","guid":{"rendered":"http:\/\/hotel-lux.cmsmasters.net\/?page_id=13991"},"modified":"2024-03-09T16:29:04","modified_gmt":"2024-03-09T15:29:04","slug":"attractions","status":"publish","type":"page","link":"https:\/\/hotelmulaj.com\/sq\/attractions\/","title":{"rendered":"Atraksione"},"content":{"rendered":"<div id=\"cmsmasters_row_2375c7f785\" class=\"cmsmasters_row cmsmasters_color_scheme_default cmsmasters_row_top_default cmsmasters_row_bot_default cmsmasters_row_boxed\">\n<div class=\"cmsmasters_row_outer_parent\">\n<div class=\"cmsmasters_row_outer\">\n<div class=\"cmsmasters_row_inner\">\n<div class=\"cmsmasters_row_margin\">\n<div id=\"cmsmasters_column_cdddf24f42\" class=\"cmsmasters_column one_first\">\n<div class=\"cmsmasters_column_inner\"><p><\/p>\n<\/div><\/div>\n<\/div>\n<\/div>\n<\/div>\n<\/div>\n<\/div>\n<div id=\"cmsmasters_row_29c43b215b\" class=\"cmsmasters_row cmsmasters_color_scheme_default cmsmasters_row_top_default cmsmasters_row_bot_default cmsmasters_row_fullwidth\">\n<div class=\"cmsmasters_row_outer_parent\">\n<div class=\"cmsmasters_row_outer\">\n<div class=\"cmsmasters_row_inner cmsmasters_row_fullwidth cmsmasters_row_no_margin\">\n<div class=\"cmsmasters_row_margin cmsmasters_row_columns_behavior\">\n<div id=\"cmsmasters_column_24ddda560b\" class=\"cmsmasters_column one_half\">\n<div class=\"cmsmasters_column_inner\"><div id=\"cmsmasters_fb_aeb824ab39\" class=\"cmsmasters_featured_block\">\n<div class=\"featured_block_inner\">\n<div class=\"featured_block_text\">\n<div class=\"cmsmasters_heading\" style=\"text-align: center;\"><div id=\"cmsmasters_heading_ecc347d859\" class=\"cmsmasters_heading_wrap cmsmasters_heading_align_center\">\n\t<h2 class=\"cmsmasters_heading\">Sheshi Skenderbej<\/h2>\n<\/div><\/div>\n<p style=\"text-align: center;\"><span style=\"color: #6a6a6a; font-size: 20px; line-height: 28px;\">Sheshi Sk\u00ebnderbej \u00ebsht\u00eb nj\u00eb shesh n\u00eb qend\u00ebr t\u00eb Tiran\u00ebs dhe \u00ebsht\u00eb me af\u00ebrsisht 40 000 m\u00b2 sheshi m\u00eb i madh i Shqip\u00ebris\u00eb. K\u00ebt\u00eb em\u00ebr e ka marr\u00eb n\u00eb vitin 1968 ku n\u00eb krah t\u00eb tij u vendos monumenti i Sk\u00ebnderbeut mbi kal\u00eb duke z\u00ebvend\u00ebsuar shtatoren e Stalinit. Sheshi rrethohet nga Pallati i Kultur\u00ebs, Hotel Tirana, Muzeu Komb\u00ebtar dhe Banka e Shqip\u00ebris\u00eb.<\/span><\/p>\n\n<\/div>\n<\/div>\n<\/div>\n<\/div><\/div>\n<div id=\"cmsmasters_column_e02e0930e3\" class=\"cmsmasters_column one_half\">\n<div class=\"cmsmasters_column_inner\"><div id=\"cmsmasters_fb_4aff80b7df\" class=\"cmsmasters_featured_block ios_picture\">\n<div class=\"featured_block_inner\">\n<div class=\"featured_block_text\"><\/div>\n<\/div>\n<\/div>\n<\/div><\/div>\n<\/div>\n<\/div>\n<\/div>\n<\/div>\n<\/div>\n<div id=\"cmsmasters_row_1d4c30e4d6\" class=\"cmsmasters_row cmsmasters_color_scheme_default cmsmasters_row_top_default cmsmasters_row_bot_default cmsmasters_row_fullwidth\">\n<div class=\"cmsmasters_row_outer_parent\">\n<div class=\"cmsmasters_row_outer\">\n<div class=\"cmsmasters_row_inner cmsmasters_row_fullwidth cmsmasters_row_no_margin\">\n<div class=\"cmsmasters_row_margin cmsmasters_row_columns_behavior\">\n<div id=\"cmsmasters_column_90e1320cfd\" class=\"cmsmasters_column one_half\">\n<div class=\"cmsmasters_column_inner\"><div id=\"cmsmasters_fb_4dc28c2618\" class=\"cmsmasters_featured_block delete_picture\">\n<div class=\"featured_block_inner\">\n<div class=\"featured_block_text\"><\/div>\n<\/div>\n<\/div>\n<\/div><\/div>\n<div id=\"cmsmasters_column_652e776471\" class=\"cmsmasters_column one_half\">\n<div class=\"cmsmasters_column_inner\"><div id=\"cmsmasters_fb_a0efbc8f41\" class=\"cmsmasters_featured_block\">\n<div class=\"featured_block_inner\">\n<div class=\"featured_block_text\">\n<div class=\"cmsmasters_heading\" style=\"text-align: center;\"><div id=\"cmsmasters_heading_ecc347d859\" class=\"cmsmasters_heading_wrap cmsmasters_heading_align_center\">\n\t<h2 class=\"cmsmasters_heading\">Muzeu Historik Kombetar<\/h2>\n<\/div><\/div>\n<p style=\"text-align: center;\"><span style=\"color: #6a6a6a; font-size: 20px; line-height: 28px;\">\u201cMuzeu Historik Komb\u00ebtar\u201d u p\u00ebrurua m\u00eb 28 tetor 1981 dhe \u00ebsht\u00eb institucioni muzeor m\u00eb i madh n\u00eb Shqip\u00ebri. Godina e \u201cMuzeut Historik Komb\u00ebtar\u201d z\u00eb nj\u00eb sip\u00ebrfaqe t\u00eb p\u00ebrgjithshme prej 27.000 m2 dhe ka sip\u00ebrfaqe ekspozimi prej 18.000 m2 dhe nj\u00eb v\u00ebllim t\u00eb p\u00ebrgjithsh\u00ebm prej 81.000 m3. N\u00eb mjediset e muzeut gjenden rreth 4750 objekte, t\u00eb cilat i p\u00ebrkasin nj\u00eb periudhe relativisht t\u00eb gjat\u00eb kohore duke filluar nga mij\u00ebvje\u00e7ari IV para Krishtit dhe deri n\u00eb gjysm\u00ebn e dyt\u00eb t\u00eb shekullit XX. Muzeu \u00ebsht\u00eb konceptuar q\u00eb prezantimi i tij t\u00eb b\u00ebhet n\u00ebp\u00ebrmjet tet\u00eb pavioneve.<\/span><\/p>\n\n<\/div>\n<\/div>\n<\/div>\n<\/div><\/div>\n<\/div>\n<\/div>\n<\/div>\n<\/div>\n<\/div>\n<div id=\"cmsmasters_row_8rc9yel2u\" class=\"cmsmasters_row cmsmasters_color_scheme_default cmsmasters_row_top_default cmsmasters_row_bot_default cmsmasters_row_fullwidth\">\n<div class=\"cmsmasters_row_outer_parent\">\n<div class=\"cmsmasters_row_outer\">\n<div class=\"cmsmasters_row_inner cmsmasters_row_fullwidth cmsmasters_row_no_margin\">\n<div class=\"cmsmasters_row_margin cmsmasters_row_columns_behavior\">\n<div id=\"cmsmasters_column_j64wxljaw\" class=\"cmsmasters_column one_half\">\n<div class=\"cmsmasters_column_inner\"><div id=\"cmsmasters_fb_059zezulvp\" class=\"cmsmasters_featured_block\">\n<div class=\"featured_block_inner\">\n<div class=\"featured_block_text\">\n<div class=\"cmsmasters_heading\" style=\"text-align: center;\"><div id=\"cmsmasters_heading_9i04o8e9d6\" class=\"cmsmasters_heading_wrap cmsmasters_heading_align_center\">\n\t<h2 class=\"cmsmasters_heading\">Piramida e Tiranes<\/h2>\n<\/div><\/div>\n<p style=\"text-align: center;\" class=\"translation-block\">Nd\u00ebrtimi i saj filloi n\u00eb vitin 1986 dhe p\u00ebrfundoi n\u00eb vitin 1988 duke sh\u00ebrbyer si nj\u00eb muze n\u00eb trash\u00ebgimin\u00eb e Hoxh\u00ebs deri n\u00eb vitin 1991. \nU p\u00ebrurua n\u00eb 14 tetor 1988 si muzeu i diktatorit Enver Hoxha. Kjo struktur\u00eb u projektua si krah\u00eb shqiponje, simbol i vet\u00eb kombit, por i duksh\u00ebm si i till\u00eb vet\u00ebm nga lart.<\/p>\n\n<\/div>\n<\/div>\n<\/div>\n<\/div><\/div>\n<div id=\"cmsmasters_column_szrny7deks\" class=\"cmsmasters_column one_half\">\n<div class=\"cmsmasters_column_inner\"><div id=\"cmsmasters_fb_yd1qlx5ayh\" class=\"cmsmasters_featured_block ios_picture\">\n<div class=\"featured_block_inner\">\n<div class=\"featured_block_text\"><\/div>\n<\/div>\n<\/div>\n<\/div><\/div>\n<\/div>\n<\/div>\n<\/div>\n<\/div>\n<\/div>\n<div id=\"cmsmasters_row_6nv52rt00f\" class=\"cmsmasters_row cmsmasters_color_scheme_default cmsmasters_row_top_default cmsmasters_row_bot_default cmsmasters_row_fullwidth\">\n<div class=\"cmsmasters_row_outer_parent\">\n<div class=\"cmsmasters_row_outer\">\n<div class=\"cmsmasters_row_inner cmsmasters_row_fullwidth cmsmasters_row_no_margin\">\n<div class=\"cmsmasters_row_margin cmsmasters_row_columns_behavior\">\n<div id=\"cmsmasters_column_ttbom6mi3n\" class=\"cmsmasters_column one_half\">\n<div class=\"cmsmasters_column_inner\"><div id=\"cmsmasters_fb_p221wmmxml\" class=\"cmsmasters_featured_block delete_picture\">\n<div class=\"featured_block_inner\">\n<div class=\"featured_block_text\"><\/div>\n<\/div>\n<\/div>\n<\/div><\/div>\n<div id=\"cmsmasters_column_lspi2wj7k9\" class=\"cmsmasters_column one_half\">\n<div class=\"cmsmasters_column_inner\"><div id=\"cmsmasters_fb_adyoj9xp4t\" class=\"cmsmasters_featured_block\">\n<div class=\"featured_block_inner\">\n<div class=\"featured_block_text\">\n<div class=\"cmsmasters_heading\" style=\"text-align: center;\"><div id=\"cmsmasters_heading_cljixjmhc\" class=\"cmsmasters_heading_wrap cmsmasters_heading_align_center\">\n\t<h2 class=\"cmsmasters_heading\">Zona e ish bllokut<\/h2>\n<\/div><\/div>\n<p style=\"text-align: center;\"><span style=\"color: #6a6a6a; font-size: 20px; line-height: 28px;\">Ish-Blloku, i njohur si Blloku, eshte nje zone e famshme ne Tirane. Eshte e njohur gjeresisht si nje destinacion per turistik qe ofron kafe trendi, restorante, dyqane, hotele etj. U be shume atraktive si zone pas renies se komunizmit ne Shqiperi sepse gjate periudhes se komunizmit eshte nje zone rezidenciale vetem per byrone politike te partise komuniste, dhe qytetaret e thjeshte nuk lejohej te hynin. Nuk ishe e shenuar ne shume harta te asaj kohe. Ne kete zone ndodhej dhe shtepia e ish diktatorit Enver Hoxha.<\/span><span style=\"color: #6a6a6a; font-size: 20px; line-height: 28px;\"> <span style=\"font-size: 20px;\">In Blloku you can still find the residence of Albania\u2019s communist leader\u00a0Enver Hoxha.<\/span><\/span><\/p>\n\n<\/div>\n<\/div>\n<\/div>\n<\/div><\/div>\n<\/div>\n<\/div>\n<\/div>\n<\/div>\n<\/div>\n<div id=\"cmsmasters_row_5gu5d1hbxf\" class=\"cmsmasters_row cmsmasters_color_scheme_default cmsmasters_row_top_default cmsmasters_row_bot_default cmsmasters_row_fullwidth\">\n<div class=\"cmsmasters_row_outer_parent\">\n<div class=\"cmsmasters_row_outer\">\n<div class=\"cmsmasters_row_inner cmsmasters_row_fullwidth cmsmasters_row_no_margin\">\n<div class=\"cmsmasters_row_margin cmsmasters_row_columns_behavior\">\n<div id=\"cmsmasters_column_shhwsk26dh\" class=\"cmsmasters_column one_half\">\n<div class=\"cmsmasters_column_inner\"><div id=\"cmsmasters_fb_szqh5a7xw\" class=\"cmsmasters_featured_block\">\n<div class=\"featured_block_inner\">\n<div class=\"featured_block_text\">\n<div class=\"cmsmasters_heading\" style=\"text-align: center;\"><div id=\"cmsmasters_heading_ctcbc41lko\" class=\"cmsmasters_heading_wrap cmsmasters_heading_align_center\">\n\t<h2 class=\"cmsmasters_heading\">Dajti NP<\/h2>\n<\/div><\/div>\n<p style=\"text-align: center;\"><span style=\"color: #6a6a6a; font-size: 20px; line-height: 28px;\">Located just 15 mins from the centre of Tirana, \u201cDajti Ekspres\u201d provides it\u2019s visitors with an unforgettable experience. Take the 15 minute trip up Dajti Mountain on the longest cableway in the Balkans and enjoy the breathtaking views of the city.<\/span><\/p>\n\n<\/div>\n<\/div>\n<\/div>\n<\/div><\/div>\n<div id=\"cmsmasters_column_ipka1cftn\" class=\"cmsmasters_column one_half\">\n<div class=\"cmsmasters_column_inner\"><div id=\"cmsmasters_fb_4whrzqwqzl\" class=\"cmsmasters_featured_block ios_picture\">\n<div class=\"featured_block_inner\">\n<div class=\"featured_block_text\"><\/div>\n<\/div>\n<\/div>\n<\/div><\/div>\n<\/div>\n<\/div>\n<\/div>\n<\/div>\n<\/div>\n<div id=\"cmsmasters_row_207msw63jd\" class=\"cmsmasters_row cmsmasters_color_scheme_default cmsmasters_row_top_default cmsmasters_row_bot_default cmsmasters_row_fullwidth\">\n<div class=\"cmsmasters_row_outer_parent\">\n<div class=\"cmsmasters_row_outer\">\n<div class=\"cmsmasters_row_inner cmsmasters_row_fullwidth cmsmasters_row_no_margin\">\n<div class=\"cmsmasters_row_margin cmsmasters_row_columns_behavior\">\n<div id=\"cmsmasters_column_4q1v9slrjh\" class=\"cmsmasters_column one_half\">\n<div class=\"cmsmasters_column_inner\"><div id=\"cmsmasters_fb_79wqxk1yd6\" class=\"cmsmasters_featured_block delete_picture\">\n<div class=\"featured_block_inner\">\n<div class=\"featured_block_text\"><\/div>\n<\/div>\n<\/div>\n<\/div><\/div>\n<div id=\"cmsmasters_column_gfue09ujo\" class=\"cmsmasters_column one_half\">\n<div class=\"cmsmasters_column_inner\"><div id=\"cmsmasters_fb_t41c1vro7\" class=\"cmsmasters_featured_block\">\n<div class=\"featured_block_inner\">\n<div class=\"featured_block_text\">\n<div class=\"cmsmasters_heading\" style=\"text-align: center;\"><div id=\"cmsmasters_heading_ykj2qxwljo\" class=\"cmsmasters_heading_wrap cmsmasters_heading_align_center\">\n\t<h2 class=\"cmsmasters_heading\">Shopping in Tirana<\/h2>\n<\/div><\/div>\n<p style=\"text-align: center;\"><span style=\"color: #6a6a6a; font-size: 20px; line-height: 28px;\">Shopping malls have emerged in Albania only during the last 15 years but have multiplied and spread across the country with great speed! Famous architects and world-renowned brands have created a dynamic shopping space in Albania, and the trend doesn\u2019t seem to be slowing down anytime soon. Visit TEG, QTU, Toptani shopping center, City Park etc.<\/span><\/p>\n\n<\/div>\n<\/div>\n<\/div>\n<\/div><\/div>\n<\/div>\n<\/div>\n<\/div>\n<\/div>\n<\/div>\n<div id=\"cmsmasters_row_vh8eq46eao\" class=\"cmsmasters_row cmsmasters_color_scheme_default cmsmasters_row_top_default cmsmasters_row_bot_default cmsmasters_row_fullwidth\">\n<div class=\"cmsmasters_row_outer_parent\">\n<div class=\"cmsmasters_row_outer\">\n<div class=\"cmsmasters_row_inner cmsmasters_row_fullwidth cmsmasters_row_no_margin\">\n<div class=\"cmsmasters_row_margin cmsmasters_row_columns_behavior\">\n<div id=\"cmsmasters_column_0emqep9zo\" class=\"cmsmasters_column one_half\">\n<div class=\"cmsmasters_column_inner\"><div id=\"cmsmasters_fb_ymrarhjgv7\" class=\"cmsmasters_featured_block\">\n<div class=\"featured_block_inner\">\n<div class=\"featured_block_text\">\n<div class=\"cmsmasters_heading\" style=\"text-align: center;\"><div id=\"cmsmasters_heading_2iic75174a\" class=\"cmsmasters_heading_wrap cmsmasters_heading_align_center\">\n\t<h2 class=\"cmsmasters_heading\">Day trip to Kruja<\/h2>\n<\/div><\/div>\n<p style=\"text-align: center;\"><span style=\"color: #6a6a6a; font-size: 20px; line-height: 28px;\">The historic city of Kruja lies on a panoramic mountain slope 33 km away from Tirana.The city is one of the most beautiful tourist spots due to its natural views and its history. Here Gjergj Kastrioti(Skanderbeg) protected Albania and Europe from the Ottomans. The most important attraction of the city is the Museum of the National Hero, Gjergj Kastrioti Skanderbeg, situated in an Illyrian castle.<\/span><\/p>\n\n<\/div>\n<\/div>\n<\/div>\n<\/div><\/div>\n<div id=\"cmsmasters_column_bbnnqc1xci\" class=\"cmsmasters_column one_half\">\n<div class=\"cmsmasters_column_inner\"><div id=\"cmsmasters_fb_c1yi9u77jp\" class=\"cmsmasters_featured_block ios_picture\">\n<div class=\"featured_block_inner\">\n<div class=\"featured_block_text\"><\/div>\n<\/div>\n<\/div>\n<\/div><\/div>\n<\/div>\n<\/div>\n<\/div>\n<\/div>\n<\/div>\n<div id=\"cmsmasters_row_316fc9a1b1\" class=\"cmsmasters_row cmsmasters_color_scheme_default cmsmasters_row_top_default cmsmasters_row_bot_default cmsmasters_row_boxed\">\n<div class=\"cmsmasters_row_outer_parent\">\n<div class=\"cmsmasters_row_outer\">\n<div class=\"cmsmasters_row_inner\">\n<div class=\"cmsmasters_row_margin\">\n<div id=\"cmsmasters_column_f35bd1e763\" class=\"cmsmasters_column one_first\">\n<div class=\"cmsmasters_column_inner\"><div id=\"cmsmasters_heading_555e1dee68\" class=\"cmsmasters_heading_wrap cmsmasters_heading_align_center\">\n\t<h3 class=\"cmsmasters_heading\">Kontakt<\/h3>\n<\/div><div id=\"cmsmasters_heading_33bda09504\" class=\"cmsmasters_heading_wrap cmsmasters_heading_align_center\">\n\t<h2 class=\"cmsmasters_heading\">+355 67 744 4446<\/h2>\n<\/div>\n<\/div><\/div>\n<\/div>\n<\/div>\n<\/div>\n<\/div>\n<\/div>","protected":false},"excerpt":{"rendered":"","protected":false},"author":1,"featured_media":15288,"parent":0,"menu_order":0,"comment_status":"closed","ping_status":"closed","template":"","meta":{"_monsterinsights_skip_tracking":false,"_monsterinsights_sitenote_active":false,"_monsterinsights_sitenote_note":"","_monsterinsights_sitenote_category":0,"_joinchat":[],"footnotes":""},"class_list":["post-13991","page","type-page","status-publish","has-post-thumbnail","hentry"],"yoast_head":"<!-- This site is optimized with the Yoast SEO plugin v25.9 - https:\/\/yoast.com\/wordpress\/plugins\/seo\/ -->\n<title>Attractions - Mulaj Hotel<\/title>\n<meta name=\"robots\" content=\"index, follow, max-snippet:-1, max-image-preview:large, max-video-preview:-1\" \/>\n<link rel=\"canonical\" href=\"https:\/\/hotelmulaj.com\/sq\/attractions\/\" \/>\n<meta property=\"og:locale\" content=\"sq_AL\" \/>\n<meta property=\"og:type\" content=\"article\" \/>\n<meta property=\"og:title\" content=\"Attractions - Mulaj Hotel\" \/>\n<meta property=\"og:url\" content=\"https:\/\/hotelmulaj.com\/sq\/attractions\/\" \/>\n<meta property=\"og:site_name\" content=\"Mulaj Hotel\" \/>\n<meta property=\"article:modified_time\" content=\"2024-03-09T15:29:04+00:00\" \/>\n<meta property=\"og:image\" content=\"https:\/\/hotelmulaj.com\/wp-content\/uploads\/2021\/10\/7436018734_90f8255da8_b.jpg\" \/>\n\t<meta property=\"og:image:width\" content=\"1024\" \/>\n\t<meta property=\"og:image:height\" content=\"768\" \/>\n\t<meta property=\"og:image:type\" content=\"image\/jpeg\" \/>\n<meta name=\"twitter:card\" content=\"summary_large_image\" \/>\n<meta name=\"twitter:label1\" content=\"Est. reading time\" \/>\n\t<meta name=\"twitter:data1\" content=\"4 minuta\" \/>\n<script type=\"application\/ld+json\" class=\"yoast-schema-graph\">{\"@context\":\"https:\/\/schema.org\",\"@graph\":[{\"@type\":\"WebPage\",\"@id\":\"https:\/\/hotelmulaj.com\/attractions\/\",\"url\":\"https:\/\/hotelmulaj.com\/attractions\/\",\"name\":\"Attractions - Mulaj Hotel\",\"isPartOf\":{\"@id\":\"https:\/\/hotelmulaj.com\/sq\/#website\"},\"primaryImageOfPage\":{\"@id\":\"https:\/\/hotelmulaj.com\/attractions\/#primaryimage\"},\"image\":{\"@id\":\"https:\/\/hotelmulaj.com\/attractions\/#primaryimage\"},\"thumbnailUrl\":\"https:\/\/hotelmulaj.com\/wp-content\/uploads\/2021\/10\/7436018734_90f8255da8_b.jpg\",\"datePublished\":\"2017-05-23T08:18:36+00:00\",\"dateModified\":\"2024-03-09T15:29:04+00:00\",\"breadcrumb\":{\"@id\":\"https:\/\/hotelmulaj.com\/attractions\/#breadcrumb\"},\"inLanguage\":\"sq\",\"potentialAction\":[{\"@type\":\"ReadAction\",\"target\":[\"https:\/\/hotelmulaj.com\/attractions\/\"]}]},{\"@type\":\"ImageObject\",\"inLanguage\":\"sq\",\"@id\":\"https:\/\/hotelmulaj.com\/attractions\/#primaryimage\",\"url\":\"https:\/\/hotelmulaj.com\/wp-content\/uploads\/2021\/10\/7436018734_90f8255da8_b.jpg\",\"contentUrl\":\"https:\/\/hotelmulaj.com\/wp-content\/uploads\/2021\/10\/7436018734_90f8255da8_b.jpg\",\"width\":1024,\"height\":768},{\"@type\":\"BreadcrumbList\",\"@id\":\"https:\/\/hotelmulaj.com\/attractions\/#breadcrumb\",\"itemListElement\":[{\"@type\":\"ListItem\",\"position\":1,\"name\":\"Home\",\"item\":\"https:\/\/hotelmulaj.com\/\"},{\"@type\":\"ListItem\",\"position\":2,\"name\":\"Attractions\"}]},{\"@type\":\"WebSite\",\"@id\":\"https:\/\/hotelmulaj.com\/sq\/#website\",\"url\":\"https:\/\/hotelmulaj.com\/sq\/\",\"name\":\"Mulaj Hotel\",\"description\":\"Center located hotel in Tirana\",\"potentialAction\":[{\"@type\":\"SearchAction\",\"target\":{\"@type\":\"EntryPoint\",\"urlTemplate\":\"https:\/\/hotelmulaj.com\/sq\/?s={search_term_string}\"},\"query-input\":{\"@type\":\"PropertyValueSpecification\",\"valueRequired\":true,\"valueName\":\"search_term_string\"}}],\"inLanguage\":\"sq\"}]}<\/script>\n<!-- \/ Yoast SEO plugin. -->","yoast_head_json":{"title":"Attractions - Mulaj Hotel","robots":{"index":"index","follow":"follow","max-snippet":"max-snippet:-1","max-image-preview":"max-image-preview:large","max-video-preview":"max-video-preview:-1"},"canonical":"https:\/\/hotelmulaj.com\/sq\/attractions\/","og_locale":"sq_AL","og_type":"article","og_title":"Attractions - Mulaj Hotel","og_url":"https:\/\/hotelmulaj.com\/sq\/attractions\/","og_site_name":"Mulaj Hotel","article_modified_time":"2024-03-09T15:29:04+00:00","og_image":[{"width":1024,"height":768,"url":"https:\/\/hotelmulaj.com\/wp-content\/uploads\/2021\/10\/7436018734_90f8255da8_b.jpg","type":"image\/jpeg"}],"twitter_card":"summary_large_image","twitter_misc":{"Est. reading time":"4 minuta"},"schema":{"@context":"https:\/\/schema.org","@graph":[{"@type":"WebPage","@id":"https:\/\/hotelmulaj.com\/attractions\/","url":"https:\/\/hotelmulaj.com\/attractions\/","name":"Attractions - Mulaj Hotel","isPartOf":{"@id":"https:\/\/hotelmulaj.com\/sq\/#website"},"primaryImageOfPage":{"@id":"https:\/\/hotelmulaj.com\/attractions\/#primaryimage"},"image":{"@id":"https:\/\/hotelmulaj.com\/attractions\/#primaryimage"},"thumbnailUrl":"https:\/\/hotelmulaj.com\/wp-content\/uploads\/2021\/10\/7436018734_90f8255da8_b.jpg","datePublished":"2017-05-23T08:18:36+00:00","dateModified":"2024-03-09T15:29:04+00:00","breadcrumb":{"@id":"https:\/\/hotelmulaj.com\/attractions\/#breadcrumb"},"inLanguage":"sq","potentialAction":[{"@type":"ReadAction","target":["https:\/\/hotelmulaj.com\/attractions\/"]}]},{"@type":"ImageObject","inLanguage":"sq","@id":"https:\/\/hotelmulaj.com\/attractions\/#primaryimage","url":"https:\/\/hotelmulaj.com\/wp-content\/uploads\/2021\/10\/7436018734_90f8255da8_b.jpg","contentUrl":"https:\/\/hotelmulaj.com\/wp-content\/uploads\/2021\/10\/7436018734_90f8255da8_b.jpg","width":1024,"height":768},{"@type":"BreadcrumbList","@id":"https:\/\/hotelmulaj.com\/attractions\/#breadcrumb","itemListElement":[{"@type":"ListItem","position":1,"name":"Home","item":"https:\/\/hotelmulaj.com\/"},{"@type":"ListItem","position":2,"name":"Attractions"}]},{"@type":"WebSite","@id":"https:\/\/hotelmulaj.com\/sq\/#website","url":"https:\/\/hotelmulaj.com\/sq\/","name":"Mulaj Hotel","description":"Center located hotel in Tirana","potentialAction":[{"@type":"SearchAction","target":{"@type":"EntryPoint","urlTemplate":"https:\/\/hotelmulaj.com\/sq\/?s={search_term_string}"},"query-input":{"@type":"PropertyValueSpecification","valueRequired":true,"valueName":"search_term_string"}}],"inLanguage":"sq"}]}},"_links":{"self":[{"href":"https:\/\/hotelmulaj.com\/sq\/wp-json\/wp\/v2\/pages\/13991","targetHints":{"allow":["GET"]}}],"collection":[{"href":"https:\/\/hotelmulaj.com\/sq\/wp-json\/wp\/v2\/pages"}],"about":[{"href":"https:\/\/hotelmulaj.com\/sq\/wp-json\/wp\/v2\/types\/page"}],"author":[{"embeddable":true,"href":"https:\/\/hotelmulaj.com\/sq\/wp-json\/wp\/v2\/users\/1"}],"replies":[{"embeddable":true,"href":"https:\/\/hotelmulaj.com\/sq\/wp-json\/wp\/v2\/comments?post=13991"}],"version-history":[{"count":18,"href":"https:\/\/hotelmulaj.com\/sq\/wp-json\/wp\/v2\/pages\/13991\/revisions"}],"predecessor-version":[{"id":15556,"href":"https:\/\/hotelmulaj.com\/sq\/wp-json\/wp\/v2\/pages\/13991\/revisions\/15556"}],"wp:featuredmedia":[{"embeddable":true,"href":"https:\/\/hotelmulaj.com\/sq\/wp-json\/wp\/v2\/media\/15288"}],"wp:attachment":[{"href":"https:\/\/hotelmulaj.com\/sq\/wp-json\/wp\/v2\/media?parent=13991"}],"curies":[{"name":"wp","href":"https:\/\/api.w.org\/{rel}","templated":true}]}}